{"id":639,"date":"2021-07-15T21:39:50","date_gmt":"2021-07-15T21:39:50","guid":{"rendered":"https:\/\/andrearns.com\/?page_id=639"},"modified":"2022-10-24T10:19:26","modified_gmt":"2022-10-24T10:19:26","slug":"rango-app","status":"publish","type":"page","link":"https:\/\/andrearns.com\/en\/rango-app\/","title":{"rendered":"Rango App"},"content":{"rendered":"<div data-elementor-type=\"wp-page\" data-elementor-id=\"639\" class=\"elementor elementor-639\">\n\t\t\t\t\t\t<section class=\"elementor-section elementor-top-section elementor-element elementor-element-73640691 elementor-section-full_width elementor-section-height-min-height elementor-section-stretched elementor-section-height-default elementor-section-items-middle\" data-id=\"73640691\" data-element_type=\"section\" data-settings=\"{&quot;stretch_section&quot;:&quot;section-stretched&quot;,&quot;background_background&quot;:&quot;classic&quot;}\">\n\t\t\t\t\t\t<div class=\"elementor-container elementor-column-gap-default\">\n\t\t\t\t\t<div class=\"elementor-column elementor-col-100 elementor-top-column elementor-element elementor-element-17300c40\" data-id=\"17300c40\" data-element_type=\"column\">\n\t\t\t<div class=\"elementor-widget-wrap\">\n\t\t\t\t\t\t\t<\/div>\n\t\t<\/div>\n\t\t\t\t\t<\/div>\n\t\t<\/section>\n\t\t\t\t<section class=\"elementor-section elementor-top-section elementor-element elementor-element-3b4f87cc elementor-section-boxed elementor-section-height-default elementor-section-height-default\" data-id=\"3b4f87cc\" data-element_type=\"section\">\n\t\t\t\t\t\t<div class=\"elementor-container elementor-column-gap-default\">\n\t\t\t\t\t<div class=\"elementor-column elementor-col-100 elementor-top-column elementor-element elementor-element-21d11648\" data-id=\"21d11648\" data-element_type=\"column\">\n\t\t\t<div class=\"elementor-widget-wrap elementor-element-populated\">\n\t\t\t\t\t\t<div class=\"elementor-element elementor-element-5d7c7c18 elementor-widget elementor-widget-heading\" data-id=\"5d7c7c18\" data-element_type=\"widget\" data-widget_type=\"heading.default\">\n\t\t\t\t<div class=\"elementor-widget-container\">\n\t\t\t\t\t<h1 class=\"elementor-heading-title elementor-size-default\">Rango App<\/h1>\t\t\t\t<\/div>\n\t\t\t\t<\/div>\n\t\t\t\t<div class=\"elementor-element elementor-element-7ec3bee0 elementor-widget elementor-widget-heading\" data-id=\"7ec3bee0\" data-element_type=\"widget\" data-widget_type=\"heading.default\">\n\t\t\t\t<div class=\"elementor-widget-container\">\n\t\t\t\t\t<h2 class=\"elementor-heading-title elementor-size-default\">Rango \u00e9 um aplicativo que descomplica a ado\u00e7\u00e3o de uma alimenta\u00e7\u00e3o saud\u00e1vel para para a popula\u00e7\u00e3o brasileira. Ele \u00e9 baseado no Guia da Alimenta\u00e7\u00e3o Brasileiro que \u00e9 modelo no mundo inteiro. Nele voc\u00ea pode escolher uma variedade de alimentos que s\u00e3o comuns aqui no Brasil e o seu algoritmo gera automaticamente card\u00e1pios personalizados e saud\u00e1veis para voc\u00ea. <\/h2>\t\t\t\t<\/div>\n\t\t\t\t<\/div>\n\t\t\t\t<div class=\"elementor-element elementor-element-62bc4a4d elementor-widget elementor-widget-heading\" data-id=\"62bc4a4d\" data-element_type=\"widget\" data-widget_type=\"heading.default\">\n\t\t\t\t<div class=\"elementor-widget-container\">\n\t\t\t\t\t<h2 class=\"elementor-heading-title elementor-size-default\">Linguagens usadas<\/h2>\t\t\t\t<\/div>\n\t\t\t\t<\/div>\n\t\t\t\t<div class=\"elementor-element elementor-element-33f11f0c elementor-widget__width-auto fake-button elementor-widget elementor-widget-button\" data-id=\"33f11f0c\" data-element_type=\"widget\" data-widget_type=\"button.default\">\n\t\t\t\t<div class=\"elementor-widget-container\">\n\t\t\t\t\t\t\t\t\t<div class=\"elementor-button-wrapper\">\n\t\t\t\t\t<a class=\"elementor-button elementor-size-sm\" role=\"button\">\n\t\t\t\t\t\t<span class=\"elementor-button-content-wrapper\">\n\t\t\t\t\t\t\t\t\t<span class=\"elementor-button-text\">Swift<\/span>\n\t\t\t\t\t<\/span>\n\t\t\t\t\t<\/a>\n\t\t\t\t<\/div>\n\t\t\t\t\t\t\t\t<\/div>\n\t\t\t\t<\/div>\n\t\t\t\t<div class=\"elementor-element elementor-element-2a12eb2f elementor-widget elementor-widget-heading\" data-id=\"2a12eb2f\" data-element_type=\"widget\" data-widget_type=\"heading.default\">\n\t\t\t\t<div class=\"elementor-widget-container\">\n\t\t\t\t\t<h2 class=\"elementor-heading-title elementor-size-default\">Frameworks nativos<\/h2>\t\t\t\t<\/div>\n\t\t\t\t<\/div>\n\t\t\t\t<div class=\"elementor-element elementor-element-a7ac19c elementor-widget__width-auto fake-button elementor-widget elementor-widget-button\" data-id=\"a7ac19c\" data-element_type=\"widget\" data-widget_type=\"button.default\">\n\t\t\t\t<div class=\"elementor-widget-container\">\n\t\t\t\t\t\t\t\t\t<div class=\"elementor-button-wrapper\">\n\t\t\t\t\t<a class=\"elementor-button elementor-size-sm\" role=\"button\">\n\t\t\t\t\t\t<span class=\"elementor-button-content-wrapper\">\n\t\t\t\t\t\t\t\t\t<span class=\"elementor-button-text\">SwiftUI<\/span>\n\t\t\t\t\t<\/span>\n\t\t\t\t\t<\/a>\n\t\t\t\t<\/div>\n\t\t\t\t\t\t\t\t<\/div>\n\t\t\t\t<\/div>\n\t\t\t\t<div class=\"elementor-element elementor-element-c8f5d9b elementor-widget elementor-widget-heading\" data-id=\"c8f5d9b\" data-element_type=\"widget\" data-widget_type=\"heading.default\">\n\t\t\t\t<div class=\"elementor-widget-container\">\n\t\t\t\t\t<h2 class=\"elementor-heading-title elementor-size-default\">Plataformas<\/h2>\t\t\t\t<\/div>\n\t\t\t\t<\/div>\n\t\t\t\t<div class=\"elementor-element elementor-element-7103adb5 elementor-widget__width-auto fake-button elementor-widget elementor-widget-button\" data-id=\"7103adb5\" data-element_type=\"widget\" data-widget_type=\"button.default\">\n\t\t\t\t<div class=\"elementor-widget-container\">\n\t\t\t\t\t\t\t\t\t<div class=\"elementor-button-wrapper\">\n\t\t\t\t\t<a class=\"elementor-button elementor-size-sm\" role=\"button\">\n\t\t\t\t\t\t<span class=\"elementor-button-content-wrapper\">\n\t\t\t\t\t\t\t\t\t<span class=\"elementor-button-text\">iOS<\/span>\n\t\t\t\t\t<\/span>\n\t\t\t\t\t<\/a>\n\t\t\t\t<\/div>\n\t\t\t\t\t\t\t\t<\/div>\n\t\t\t\t<\/div>\n\t\t\t\t<div class=\"elementor-element elementor-element-2af0817c elementor-widget elementor-widget-heading\" data-id=\"2af0817c\" data-element_type=\"widget\" data-widget_type=\"heading.default\">\n\t\t\t\t<div class=\"elementor-widget-container\">\n\t\t\t\t\t<h2 class=\"elementor-heading-title elementor-size-default\">Reposit\u00f3rio no Github<\/h2>\t\t\t\t<\/div>\n\t\t\t\t<\/div>\n\t\t\t\t<div class=\"elementor-element elementor-element-00a8036 elementor-view-framed elementor-widget__width-auto elementor-shape-circle elementor-widget elementor-widget-icon\" data-id=\"00a8036\" data-element_type=\"widget\" data-widget_type=\"icon.default\">\n\t\t\t\t<div class=\"elementor-widget-container\">\n\t\t\t\t\t\t\t<div class=\"elementor-icon-wrapper\">\n\t\t\t<a class=\"elementor-icon elementor-animation-push\" href=\"https:\/\/github.com\/andrearns\/firstMiniChallenge\" target=\"_blank\">\n\t\t\t<svg xmlns=\"http:\/\/www.w3.org\/2000\/svg\" viewbox=\"0 0 32.58 31.77\"><defs><style>.cls-1{fill:#fff;fill-rule:evenodd;}<\/style><\/defs><g id=\"Layer_2\" data-name=\"Layer 2\"><g id=\"Layer_1-2\" data-name=\"Layer 1\"><path class=\"cls-1\" d=\"M16.29,0a16.29,16.29,0,0,0-5.15,31.75c.82.15,1.11-.36,1.11-.79s0-1.41,0-2.77C7.7,29.18,6.74,26,6.74,26a4.36,4.36,0,0,0-1.81-2.39c-1.47-1,.12-1,.12-1a3.43,3.43,0,0,1,2.49,1.68,3.48,3.48,0,0,0,4.74,1.36,3.46,3.46,0,0,1,1-2.18c-3.62-.41-7.42-1.81-7.42-8a6.3,6.3,0,0,1,1.67-4.37,5.94,5.94,0,0,1,.16-4.31s1.37-.44,4.48,1.67a15.41,15.41,0,0,1,8.16,0c3.11-2.11,4.47-1.67,4.47-1.67A5.91,5.91,0,0,1,25,11.07a6.3,6.3,0,0,1,1.67,4.37c0,6.26-3.81,7.63-7.44,8a3.85,3.85,0,0,1,1.11,3c0,2.18,0,3.94,0,4.47s.29.94,1.12.78A16.29,16.29,0,0,0,16.29,0Z\"><\/path><\/g><\/g><\/svg>\t\t\t<\/a>\n\t\t<\/div>\n\t\t\t\t\t\t<\/div>\n\t\t\t\t<\/div>\n\t\t\t\t\t<\/div>\n\t\t<\/div>\n\t\t\t\t<div class=\"elementor-column elementor-col-100 elementor-top-column elementor-element elementor-element-2294ac94\" data-id=\"2294ac94\" data-element_type=\"column\">\n\t\t\t<div class=\"elementor-widget-wrap elementor-element-populated\">\n\t\t\t\t\t\t<div class=\"elementor-element elementor-element-ed322b6 elementor-widget elementor-widget-video\" data-id=\"ed322b6\" data-element_type=\"widget\" data-settings=\"{&quot;youtube_url&quot;:&quot;https:\\\/\\\/youtu.be\\\/FaVcxegQh3g&quot;,&quot;video_type&quot;:&quot;youtube&quot;,&quot;controls&quot;:&quot;yes&quot;}\" data-widget_type=\"video.default\">\n\t\t\t\t<div class=\"elementor-widget-container\">\n\t\t\t\t\t\t\t<div class=\"elementor-wrapper elementor-open-inline\">\n\t\t\t<div class=\"elementor-video\"><\/div>\t\t<\/div>\n\t\t\t\t\t\t<\/div>\n\t\t\t\t<\/div>\n\t\t\t\t\t<\/div>\n\t\t<\/div>\n\t\t\t\t\t<\/div>\n\t\t<\/section>\n\t\t\t\t<section class=\"elementor-section elementor-top-section elementor-element elementor-element-56adc475 elementor-section-boxed elementor-section-height-default elementor-section-height-default\" data-id=\"56adc475\" data-element_type=\"section\">\n\t\t\t\t\t\t<div class=\"elementor-container elementor-column-gap-default\">\n\t\t\t\t\t<div class=\"elementor-column elementor-col-100 elementor-top-column elementor-element elementor-element-12719709\" data-id=\"12719709\" data-element_type=\"column\">\n\t\t\t<div class=\"elementor-widget-wrap elementor-element-populated\">\n\t\t\t\t\t\t<div class=\"elementor-element elementor-element-29d6166c elementor-widget elementor-widget-heading\" data-id=\"29d6166c\" data-element_type=\"widget\" data-widget_type=\"heading.default\">\n\t\t\t\t<div class=\"elementor-widget-container\">\n\t\t\t\t\t<h1 class=\"elementor-heading-title elementor-size-default\">Processo de cria\u00e7\u00e3o do app<\/h1>\t\t\t\t<\/div>\n\t\t\t\t<\/div>\n\t\t\t\t<div class=\"elementor-element elementor-element-a89b6c7 elementor-widget elementor-widget-html\" data-id=\"a89b6c7\" data-element_type=\"widget\" data-widget_type=\"html.default\">\n\t\t\t\t<div class=\"elementor-widget-container\">\n\t\t\t\t\t<iframe data-src=\"https:\/\/www.icloud.com\/keynote\/0ttoIpxnb2qutLyW4lnjWz-gw?embed=true\" width=\"640\" height=\"500\" frameborder=\"0\" allowfullscreen=\"1\" referrer=\"no-referrer\" src=\"data:image\/gif;base64,R0lGODlhAQABAAAAACH5BAEKAAEALAAAAAABAAEAAAICTAEAOw==\" class=\"lazyload\" data-load-mode=\"1\"><\/iframe>\t\t\t\t<\/div>\n\t\t\t\t<\/div>\n\t\t\t\t\t<\/div>\n\t\t<\/div>\n\t\t\t\t\t<\/div>\n\t\t<\/section>\n\t\t\t\t<section class=\"elementor-section elementor-top-section elementor-element elementor-element-3815c9fc elementor-section-boxed elementor-section-height-default elementor-section-height-default\" data-id=\"3815c9fc\" data-element_type=\"section\">\n\t\t\t\t\t\t<div class=\"elementor-container elementor-column-gap-default\">\n\t\t\t\t\t<div class=\"elementor-column elementor-col-100 elementor-top-column elementor-element elementor-element-40041037\" data-id=\"40041037\" data-element_type=\"column\">\n\t\t\t<div class=\"elementor-widget-wrap elementor-element-populated\">\n\t\t\t\t\t\t<div class=\"elementor-element elementor-element-925933d elementor-widget-divider--view-line elementor-widget elementor-widget-divider\" data-id=\"925933d\" data-element_type=\"widget\" data-widget_type=\"divider.default\">\n\t\t\t\t<div class=\"elementor-widget-container\">\n\t\t\t\t\t\t\t<div class=\"elementor-divider\">\n\t\t\t<span class=\"elementor-divider-separator\">\n\t\t\t\t\t\t<\/span>\n\t\t<\/div>\n\t\t\t\t\t\t<\/div>\n\t\t\t\t<\/div>\n\t\t\t\t<div class=\"elementor-element elementor-element-7513aa46 elementor-widget elementor-widget-heading\" data-id=\"7513aa46\" data-element_type=\"widget\" data-widget_type=\"heading.default\">\n\t\t\t\t<div class=\"elementor-widget-container\">\n\t\t\t\t\t<h1 class=\"elementor-heading-title elementor-size-default\">Prot\u00f3tipo<\/h1>\t\t\t\t<\/div>\n\t\t\t\t<\/div>\n\t\t\t\t<div class=\"elementor-element elementor-element-4b422ee6 elementor-widget elementor-widget-html\" data-id=\"4b422ee6\" data-element_type=\"widget\" data-widget_type=\"html.default\">\n\t\t\t\t<div class=\"elementor-widget-container\">\n\t\t\t\t\t<iframe style=\"border: 1px solid rgba(0, 0, 0, 0.1);\" width=\"800\" height=\"450\" data-src=\"https:\/\/www.figma.com\/embed?embed_host=share&url=https%3A%2F%2Fwww.figma.com%2Ffile%2Fqb4SabZzTKkaDf4Jtuv2oA%2FVrumVrum-Design-System%3Fnode-id%3D239%253A0\" allowfullscreen src=\"data:image\/gif;base64,R0lGODlhAQABAAAAACH5BAEKAAEALAAAAAABAAEAAAICTAEAOw==\" class=\"lazyload\" data-load-mode=\"1\"><\/iframe>\t\t\t\t<\/div>\n\t\t\t\t<\/div>\n\t\t\t\t\t<\/div>\n\t\t<\/div>\n\t\t\t\t\t<\/div>\n\t\t<\/section>\n\t\t\t\t<section class=\"elementor-section elementor-top-section elementor-element elementor-element-14fabf23 elementor-section-boxed elementor-section-height-default elementor-section-height-default\" data-id=\"14fabf23\" data-element_type=\"section\" id=\"section-contato\" data-settings=\"{&quot;background_background&quot;:&quot;classic&quot;}\">\n\t\t\t\t\t\t<div class=\"elementor-container elementor-column-gap-default\">\n\t\t\t\t\t<div class=\"elementor-column elementor-col-33 elementor-top-column elementor-element elementor-element-10ff83d6\" data-id=\"10ff83d6\" data-element_type=\"column\">\n\t\t\t<div class=\"elementor-widget-wrap elementor-element-populated\">\n\t\t\t\t\t\t<div class=\"elementor-element elementor-element-19a724e0 elementor-widget elementor-widget-image\" data-id=\"19a724e0\" data-element_type=\"widget\" data-widget_type=\"image.default\">\n\t\t\t\t<div class=\"elementor-widget-container\">\n\t\t\t\t\t\t\t\t\t\t\t\t\t\t\t\t<a href=\"https:\/\/andrearns.com\/en\/#section-sobre\">\n\t\t\t\t\t\t\t<img decoding=\"async\" width=\"150\" height=\"150\" data-src=\"https:\/\/i0.wp.com\/andrearns.com\/wp-content\/uploads\/2020\/08\/logo-aa.png?resize=150%2C150&amp;ssl=1\" class=\"attachment-thumbnail size-thumbnail wp-image-90 lazyload\" alt=\"\" data-srcset=\"https:\/\/i0.wp.com\/andrearns.com\/wp-content\/uploads\/2020\/08\/logo-aa.png?w=800&amp;ssl=1 800w, https:\/\/i0.wp.com\/andrearns.com\/wp-content\/uploads\/2020\/08\/logo-aa.png?resize=300%2C300&amp;ssl=1 300w, https:\/\/i0.wp.com\/andrearns.com\/wp-content\/uploads\/2020\/08\/logo-aa.png?resize=150%2C150&amp;ssl=1 150w, https:\/\/i0.wp.com\/andrearns.com\/wp-content\/uploads\/2020\/08\/logo-aa.png?resize=768%2C768&amp;ssl=1 768w\" data-sizes=\"(max-width: 150px) 100vw, 150px\" src=\"data:image\/gif;base64,R0lGODlhAQABAAAAACH5BAEKAAEALAAAAAABAAEAAAICTAEAOw==\" style=\"--smush-placeholder-width: 150px; --smush-placeholder-aspect-ratio: 150\/150;\" \/>\t\t\t\t\t\t\t\t<\/a>\n\t\t\t\t\t\t\t\t\t\t\t\t\t\t\t<\/div>\n\t\t\t\t<\/div>\n\t\t\t\t<div class=\"elementor-element elementor-element-2c05159 elementor-widget__width-auto elementor-widget elementor-widget-text-editor\" data-id=\"2c05159\" data-element_type=\"widget\" data-widget_type=\"text-editor.default\">\n\t\t\t\t<div class=\"elementor-widget-container\">\n\t\t\t\t\t\t\t\t\t<p>Meu nome \u00e9 Andr\u00e9 Arns, tenho 24 anos e sou desenvolvedor iOS. Meu prop\u00f3sito \u00e9 desenvolver ideias e pessoas que v\u00e3o melhorar a vida no nosso planeta! Vamos juntos?<\/p>\t\t\t\t\t\t\t\t<\/div>\n\t\t\t\t<\/div>\n\t\t\t\t\t<\/div>\n\t\t<\/div>\n\t\t\t\t<div class=\"elementor-column elementor-col-33 elementor-top-column elementor-element elementor-element-24e912a9\" data-id=\"24e912a9\" data-element_type=\"column\">\n\t\t\t<div class=\"elementor-widget-wrap elementor-element-populated\">\n\t\t\t\t\t\t<div class=\"elementor-element elementor-element-180fd20e email-form elementor-widget elementor-widget-text-editor\" data-id=\"180fd20e\" data-element_type=\"widget\" data-widget_type=\"text-editor.default\">\n\t\t\t\t<div class=\"elementor-widget-container\">\n\t\t\t\t\t\t\t\t\t<p>Navigation<\/p>\t\t\t\t\t\t\t\t<\/div>\n\t\t\t\t<\/div>\n\t\t\t\t<div class=\"elementor-element elementor-element-3e0322ff elementor-widget elementor-widget-text-editor\" data-id=\"3e0322ff\" data-element_type=\"widget\" data-widget_type=\"text-editor.default\">\n\t\t\t\t<div class=\"elementor-widget-container\">\n\t\t\t\t\t\t\t\t\t<a style=\"color:#fff\" href=\"https:\/\/andrearns.com\/en\/#section-sobre\">About<\/a>\t\t\t\t\t\t\t\t<\/div>\n\t\t\t\t<\/div>\n\t\t\t\t<div class=\"elementor-element elementor-element-199b74f4 elementor-widget elementor-widget-text-editor\" data-id=\"199b74f4\" data-element_type=\"widget\" data-widget_type=\"text-editor.default\">\n\t\t\t\t<div class=\"elementor-widget-container\">\n\t\t\t\t\t\t\t\t\t<a style=\"color:#fff\" href=\"https:\/\/andrearns.com\/en\/#section-skills\">Skills<\/a>\t\t\t\t\t\t\t\t<\/div>\n\t\t\t\t<\/div>\n\t\t\t\t<div class=\"elementor-element elementor-element-57c7aaf7 elementor-widget elementor-widget-text-editor\" data-id=\"57c7aaf7\" data-element_type=\"widget\" data-widget_type=\"text-editor.default\">\n\t\t\t\t<div class=\"elementor-widget-container\">\n\t\t\t\t\t\t\t\t\t<a style=\"color:#fff\" href=\"https:\/\/andrearns.com\/en\/#section-portfolio\">Portfolio<\/a>\t\t\t\t\t\t\t\t<\/div>\n\t\t\t\t<\/div>\n\t\t\t\t<div class=\"elementor-element elementor-element-105b128c elementor-widget elementor-widget-text-editor\" data-id=\"105b128c\" data-element_type=\"widget\" data-widget_type=\"text-editor.default\">\n\t\t\t\t<div class=\"elementor-widget-container\">\n\t\t\t\t\t\t\t\t\t<a style=\"color:#fff\" href=\"https:\/\/andrearns.com\/en\/#section-contato\">Contact<\/a>\t\t\t\t\t\t\t\t<\/div>\n\t\t\t\t<\/div>\n\t\t\t\t\t<\/div>\n\t\t<\/div>\n\t\t\t\t<div class=\"elementor-column elementor-col-33 elementor-top-column elementor-element elementor-element-5713b554\" data-id=\"5713b554\" data-element_type=\"column\">\n\t\t\t<div class=\"elementor-widget-wrap elementor-element-populated\">\n\t\t\t\t\t\t<div class=\"elementor-element elementor-element-4f31ecfc email-form elementor-widget elementor-widget-text-editor\" data-id=\"4f31ecfc\" data-element_type=\"widget\" data-widget_type=\"text-editor.default\">\n\t\t\t\t<div class=\"elementor-widget-container\">\n\t\t\t\t\t\t\t\t\t<p>Let's chat?<\/p>\t\t\t\t\t\t\t\t<\/div>\n\t\t\t\t<\/div>\n\t\t\t\t<div class=\"elementor-element elementor-element-67408f14 elementor-widget elementor-widget-text-editor\" data-id=\"67408f14\" data-element_type=\"widget\" data-widget_type=\"text-editor.default\">\n\t\t\t\t<div class=\"elementor-widget-container\">\n\t\t\t\t\t\t\t\t\t<a style=\"color: #fff;\" href=\"https:\/\/api.whatsapp.com\/send?phone=5541987250110\" target=\"_blank\" rel=\"noopener\">+55 41 98725-0110<\/a>\t\t\t\t\t\t\t\t<\/div>\n\t\t\t\t<\/div>\n\t\t\t\t<div class=\"elementor-element elementor-element-7f371440 elementor-widget elementor-widget-text-editor\" data-id=\"7f371440\" data-element_type=\"widget\" data-widget_type=\"text-editor.default\">\n\t\t\t\t<div class=\"elementor-widget-container\">\n\t\t\t\t\t\t\t\t\t<p><a style=\"color: #fff;\" href=\"mailto:andreluisarns@gmail.com\" target=\"_blank\" rel=\"noopener\">andreluisarns@gmail.com<\/a><\/p>\t\t\t\t\t\t\t\t<\/div>\n\t\t\t\t<\/div>\n\t\t\t\t<div class=\"elementor-element elementor-element-4cbaeb74 elementor-view-framed elementor-widget__width-auto elementor-shape-circle elementor-widget elementor-widget-icon\" data-id=\"4cbaeb74\" data-element_type=\"widget\" data-widget_type=\"icon.default\">\n\t\t\t\t<div class=\"elementor-widget-container\">\n\t\t\t\t\t\t\t<div class=\"elementor-icon-wrapper\">\n\t\t\t<a class=\"elementor-icon elementor-animation-push\" href=\"https:\/\/api.whatsapp.com\/send?phone=5541987250110\" target=\"_blank\">\n\t\t\t<svg xmlns=\"http:\/\/www.w3.org\/2000\/svg\" width=\"36.422\" height=\"36.422\" viewbox=\"0 0 36.422 36.422\"><defs><style>.a{fill:#fff;}<\/style><\/defs><path class=\"a\" d=\"M36.422,17.743A17.913,17.913,0,0,1,9.9,33.279L0,36.422,3.227,26.9A17.562,17.562,0,0,1,.663,17.741a17.88,17.88,0,0,1,35.76,0ZM18.54,2.829A14.991,14.991,0,0,0,3.508,17.746,14.756,14.756,0,0,0,6.372,26.49L4.5,32.028l5.774-1.835a15.05,15.05,0,0,0,23.3-12.45A14.99,14.99,0,0,0,18.54,2.829Zm9.031,19c-.112-.179-.4-.289-.841-.507s-2.594-1.27-2.994-1.412-.7-.22-.988.216-1.129,1.415-1.387,1.707-.511.328-.949.113a12.084,12.084,0,0,1-3.526-2.158,13.084,13.084,0,0,1-2.437-3.012c-.258-.435-.026-.67.191-.886.2-.2.438-.508.658-.764a2.9,2.9,0,0,0,.438-.723.81.81,0,0,0-.037-.764c-.109-.219-.985-2.356-1.352-3.227s-.729-.726-.986-.726-.548-.036-.84-.036a1.6,1.6,0,0,0-1.167.542A4.867,4.867,0,0,0,9.821,13.82a8.408,8.408,0,0,0,1.789,4.5c.221.289,3.033,4.824,7.488,6.565s4.457,1.159,5.26,1.086A4.422,4.422,0,0,0,27.315,23.9,3.614,3.614,0,0,0,27.571,21.829Z\"><\/path><\/svg>\t\t\t<\/a>\n\t\t<\/div>\n\t\t\t\t\t\t<\/div>\n\t\t\t\t<\/div>\n\t\t\t\t<div class=\"elementor-element elementor-element-7f67b556 elementor-view-framed elementor-widget__width-auto elementor-shape-circle elementor-widget elementor-widget-icon\" data-id=\"7f67b556\" data-element_type=\"widget\" data-widget_type=\"icon.default\">\n\t\t\t\t<div class=\"elementor-widget-container\">\n\t\t\t\t\t\t\t<div class=\"elementor-icon-wrapper\">\n\t\t\t<a class=\"elementor-icon elementor-animation-push\" href=\"https:\/\/www.linkedin.com\/in\/andrearns\/\" target=\"_blank\">\n\t\t\t<svg xmlns=\"http:\/\/www.w3.org\/2000\/svg\" width=\"27.798\" height=\"27.76\" viewbox=\"0 0 27.798 27.76\"><defs><style>.a{fill:#fff;}<\/style><\/defs><g transform=\"translate(0 -0.183)\"><path class=\"a\" d=\"M3.705.183a3.705,3.705,0,1,0,3.7,3.7A3.711,3.711,0,0,0,3.705.183Z\"><\/path><path class=\"a\" d=\"M10.207,83.531H4.645a.479.479,0,0,0-.479.479v17.9a.479.479,0,0,0,.479.479h5.562a.479.479,0,0,0,.479-.479V84.01A.479.479,0,0,0,10.207,83.531Z\" transform=\"translate(-3.721 -74.449)\"><\/path><path class=\"a\" d=\"M100.144,81.557a7.3,7.3,0,0,0-4.915,1.63v-.94a.479.479,0,0,0-.479-.479H89.414a.479.479,0,0,0-.479.479v17.9a.479.479,0,0,0,.479.479h5.556a.479.479,0,0,0,.479-.479V91.292c0-2.541.467-4.116,2.8-4.116,2.3,0,2.47,1.692,2.47,4.268v8.705a.479.479,0,0,0,.479.479h5.559a.479.479,0,0,0,.479-.479v-9.82C107.238,86.245,106.432,81.557,100.144,81.557Z\" transform=\"translate(-79.44 -72.686)\"><\/path><\/g><\/svg>\t\t\t<\/a>\n\t\t<\/div>\n\t\t\t\t\t\t<\/div>\n\t\t\t\t<\/div>\n\t\t\t\t<div class=\"elementor-element elementor-element-37746138 elementor-view-framed elementor-widget__width-auto elementor-shape-circle elementor-widget elementor-widget-icon\" data-id=\"37746138\" data-element_type=\"widget\" data-widget_type=\"icon.default\">\n\t\t\t\t<div class=\"elementor-widget-container\">\n\t\t\t\t\t\t\t<div class=\"elementor-icon-wrapper\">\n\t\t\t<a class=\"elementor-icon elementor-animation-push\" href=\"https:\/\/github.com\/andrearns\" target=\"_blank\">\n\t\t\t<svg xmlns=\"http:\/\/www.w3.org\/2000\/svg\" viewbox=\"0 0 32.58 31.77\"><defs><style>.cls-1{fill:#fff;fill-rule:evenodd;}<\/style><\/defs><g id=\"Layer_2\" data-name=\"Layer 2\"><g id=\"Layer_1-2\" data-name=\"Layer 1\"><path class=\"cls-1\" d=\"M16.29,0a16.29,16.29,0,0,0-5.15,31.75c.82.15,1.11-.36,1.11-.79s0-1.41,0-2.77C7.7,29.18,6.74,26,6.74,26a4.36,4.36,0,0,0-1.81-2.39c-1.47-1,.12-1,.12-1a3.43,3.43,0,0,1,2.49,1.68,3.48,3.48,0,0,0,4.74,1.36,3.46,3.46,0,0,1,1-2.18c-3.62-.41-7.42-1.81-7.42-8a6.3,6.3,0,0,1,1.67-4.37,5.94,5.94,0,0,1,.16-4.31s1.37-.44,4.48,1.67a15.41,15.41,0,0,1,8.16,0c3.11-2.11,4.47-1.67,4.47-1.67A5.91,5.91,0,0,1,25,11.07a6.3,6.3,0,0,1,1.67,4.37c0,6.26-3.81,7.63-7.44,8a3.85,3.85,0,0,1,1.11,3c0,2.18,0,3.94,0,4.47s.29.94,1.12.78A16.29,16.29,0,0,0,16.29,0Z\"><\/path><\/g><\/g><\/svg>\t\t\t<\/a>\n\t\t<\/div>\n\t\t\t\t\t\t<\/div>\n\t\t\t\t<\/div>\n\t\t\t\t\t<\/div>\n\t\t<\/div>\n\t\t\t\t\t<\/div>\n\t\t<\/section>\n\t\t\t\t<section class=\"elementor-section elementor-top-section elementor-element elementor-element-2a7d4651 elementor-section-boxed elementor-section-height-default elementor-section-height-default\" data-id=\"2a7d4651\" data-element_type=\"section\" data-settings=\"{&quot;background_background&quot;:&quot;classic&quot;}\">\n\t\t\t\t\t\t<div class=\"elementor-container elementor-column-gap-default\">\n\t\t\t\t\t<div class=\"elementor-column elementor-col-100 elementor-top-column elementor-element elementor-element-49096dc6\" data-id=\"49096dc6\" data-element_type=\"column\">\n\t\t\t<div class=\"elementor-widget-wrap elementor-element-populated\">\n\t\t\t\t\t\t<div class=\"elementor-element elementor-element-6aba8007 elementor-widget elementor-widget-text-editor\" data-id=\"6aba8007\" data-element_type=\"widget\" data-widget_type=\"text-editor.default\">\n\t\t\t\t<div class=\"elementor-widget-container\">\n\t\t\t\t\t\t\t\t\t<p>Feito com <i style=\"color:#F21E4E\"class=\"fas fa-heart\"><\/i> em Curitiba <\/p>\t\t\t\t\t\t\t\t<\/div>\n\t\t\t\t<\/div>\n\t\t\t\t\t<\/div>\n\t\t<\/div>\n\t\t\t\t\t<\/div>\n\t\t<\/section>\n\t\t\t\t<\/div>","protected":false},"excerpt":{"rendered":"<p>Rango App Rango \u00e9 um aplicativo que descomplica a ado\u00e7\u00e3o de uma alimenta\u00e7\u00e3o saud\u00e1vel para para a popula\u00e7\u00e3o brasileira. Ele \u00e9 baseado no Guia da Alimenta\u00e7\u00e3o Brasileiro que \u00e9 modelo &#8230;<\/p>","protected":false},"author":1,"featured_media":0,"parent":0,"menu_order":0,"comment_status":"closed","ping_status":"closed","template":"elementor_header_footer","meta":{"footnotes":""},"class_list":["post-639","page","type-page","status-publish","hentry"],"jetpack_sharing_enabled":true,"amp_enabled":false,"_links":{"self":[{"href":"https:\/\/andrearns.com\/en\/wp-json\/wp\/v2\/pages\/639","targetHints":{"allow":["GET"]}}],"collection":[{"href":"https:\/\/andrearns.com\/en\/wp-json\/wp\/v2\/pages"}],"about":[{"href":"https:\/\/andrearns.com\/en\/wp-json\/wp\/v2\/types\/page"}],"author":[{"embeddable":true,"href":"https:\/\/andrearns.com\/en\/wp-json\/wp\/v2\/users\/1"}],"replies":[{"embeddable":true,"href":"https:\/\/andrearns.com\/en\/wp-json\/wp\/v2\/comments?post=639"}],"version-history":[{"count":40,"href":"https:\/\/andrearns.com\/en\/wp-json\/wp\/v2\/pages\/639\/revisions"}],"predecessor-version":[{"id":1269,"href":"https:\/\/andrearns.com\/en\/wp-json\/wp\/v2\/pages\/639\/revisions\/1269"}],"wp:attachment":[{"href":"https:\/\/andrearns.com\/en\/wp-json\/wp\/v2\/media?parent=639"}],"curies":[{"name":"wp","href":"https:\/\/api.w.org\/{rel}","templated":true}]}}