{"id":761,"date":"2022-10-12T00:50:00","date_gmt":"2022-10-12T00:50:00","guid":{"rendered":"https:\/\/andrearns.com\/?page_id=761"},"modified":"2022-10-24T10:17:43","modified_gmt":"2022-10-24T10:17:43","slug":"basketball-ar","status":"publish","type":"page","link":"https:\/\/andrearns.com\/en\/basketball-ar\/","title":{"rendered":"Basketball AR"},"content":{"rendered":"<div data-elementor-type=\"wp-page\" data-elementor-id=\"761\" class=\"elementor elementor-761\">\n\t\t\t\t\t\t<section class=\"elementor-section elementor-top-section elementor-element elementor-element-c20fcb6 elementor-section-full_width elementor-section-height-min-height elementor-section-stretched elementor-section-height-default elementor-section-items-middle\" data-id=\"c20fcb6\" data-element_type=\"section\" data-settings=\"{&quot;stretch_section&quot;:&quot;section-stretched&quot;,&quot;background_background&quot;:&quot;classic&quot;}\">\n\t\t\t\t\t\t<div class=\"elementor-container elementor-column-gap-default\">\n\t\t\t\t\t<div class=\"elementor-column elementor-col-100 elementor-top-column elementor-element elementor-element-cfd9520\" data-id=\"cfd9520\" data-element_type=\"column\">\n\t\t\t<div class=\"elementor-widget-wrap\">\n\t\t\t\t\t\t\t<\/div>\n\t\t<\/div>\n\t\t\t\t\t<\/div>\n\t\t<\/section>\n\t\t\t\t<section class=\"elementor-section elementor-top-section elementor-element elementor-element-e9a2b2d elementor-section-boxed elementor-section-height-default elementor-section-height-default\" data-id=\"e9a2b2d\" data-element_type=\"section\">\n\t\t\t\t\t\t<div class=\"elementor-container elementor-column-gap-default\">\n\t\t\t\t\t<div class=\"elementor-column elementor-col-100 elementor-top-column elementor-element elementor-element-fc93678\" data-id=\"fc93678\" data-element_type=\"column\">\n\t\t\t<div class=\"elementor-widget-wrap elementor-element-populated\">\n\t\t\t\t\t\t<div class=\"elementor-element elementor-element-1267820 elementor-widget elementor-widget-heading\" data-id=\"1267820\" data-element_type=\"widget\" data-widget_type=\"heading.default\">\n\t\t\t\t<div class=\"elementor-widget-container\">\n\t\t\t\t\t<h1 class=\"elementor-heading-title elementor-size-default\">Basketball AR<\/h1>\t\t\t\t<\/div>\n\t\t\t\t<\/div>\n\t\t\t\t<div class=\"elementor-element elementor-element-214c85a elementor-widget elementor-widget-heading\" data-id=\"214c85a\" data-element_type=\"widget\" data-widget_type=\"heading.default\">\n\t\t\t\t<div class=\"elementor-widget-container\">\n\t\t\t\t\t<h2 class=\"elementor-heading-title elementor-size-default\">Basketball AR \u00e9 um jogo que usa Realidade Aumentada para simular a experi\u00eancia de um jogo de basquete. Para fazer o arremesso da bola voc\u00ea precisa fazer o movimento do arremesso com o celular e o app detecta a for\u00e7a a partir do girosc\u00f3pio. Esse projeto foi feito durante um grupo de estudos com o objetivo de explorar as tecnologias e frameworks da Apple. <\/h2>\t\t\t\t<\/div>\n\t\t\t\t<\/div>\n\t\t\t\t<div class=\"elementor-element elementor-element-7d6f38f elementor-widget elementor-widget-heading\" data-id=\"7d6f38f\" data-element_type=\"widget\" data-widget_type=\"heading.default\">\n\t\t\t\t<div class=\"elementor-widget-container\">\n\t\t\t\t\t<h2 class=\"elementor-heading-title elementor-size-default\">Linguagens usadas<\/h2>\t\t\t\t<\/div>\n\t\t\t\t<\/div>\n\t\t\t\t<div class=\"elementor-element elementor-element-b28aa7e elementor-widget__width-auto fake-button elementor-widget elementor-widget-button\" data-id=\"b28aa7e\" data-element_type=\"widget\" data-widget_type=\"button.default\">\n\t\t\t\t<div class=\"elementor-widget-container\">\n\t\t\t\t\t\t\t\t\t<div class=\"elementor-button-wrapper\">\n\t\t\t\t\t<a class=\"elementor-button elementor-size-sm\" role=\"button\">\n\t\t\t\t\t\t<span class=\"elementor-button-content-wrapper\">\n\t\t\t\t\t\t\t\t\t<span class=\"elementor-button-text\">Swift<\/span>\n\t\t\t\t\t<\/span>\n\t\t\t\t\t<\/a>\n\t\t\t\t<\/div>\n\t\t\t\t\t\t\t\t<\/div>\n\t\t\t\t<\/div>\n\t\t\t\t<div class=\"elementor-element elementor-element-2664130 elementor-widget elementor-widget-heading\" data-id=\"2664130\" data-element_type=\"widget\" data-widget_type=\"heading.default\">\n\t\t\t\t<div class=\"elementor-widget-container\">\n\t\t\t\t\t<h2 class=\"elementor-heading-title elementor-size-default\">Frameworks nativos<\/h2>\t\t\t\t<\/div>\n\t\t\t\t<\/div>\n\t\t\t\t<div class=\"elementor-element elementor-element-cc7512e elementor-widget__width-auto fake-button elementor-widget elementor-widget-button\" data-id=\"cc7512e\" data-element_type=\"widget\" data-widget_type=\"button.default\">\n\t\t\t\t<div class=\"elementor-widget-container\">\n\t\t\t\t\t\t\t\t\t<div class=\"elementor-button-wrapper\">\n\t\t\t\t\t<a class=\"elementor-button elementor-size-sm\" role=\"button\">\n\t\t\t\t\t\t<span class=\"elementor-button-content-wrapper\">\n\t\t\t\t\t\t\t\t\t<span class=\"elementor-button-text\">UIKit<\/span>\n\t\t\t\t\t<\/span>\n\t\t\t\t\t<\/a>\n\t\t\t\t<\/div>\n\t\t\t\t\t\t\t\t<\/div>\n\t\t\t\t<\/div>\n\t\t\t\t<div class=\"elementor-element elementor-element-a4111bc elementor-widget__width-auto fake-button elementor-widget elementor-widget-button\" data-id=\"a4111bc\" data-element_type=\"widget\" data-widget_type=\"button.default\">\n\t\t\t\t<div class=\"elementor-widget-container\">\n\t\t\t\t\t\t\t\t\t<div class=\"elementor-button-wrapper\">\n\t\t\t\t\t<a class=\"elementor-button elementor-size-sm\" role=\"button\">\n\t\t\t\t\t\t<span class=\"elementor-button-content-wrapper\">\n\t\t\t\t\t\t\t\t\t<span class=\"elementor-button-text\">ARKit<\/span>\n\t\t\t\t\t<\/span>\n\t\t\t\t\t<\/a>\n\t\t\t\t<\/div>\n\t\t\t\t\t\t\t\t<\/div>\n\t\t\t\t<\/div>\n\t\t\t\t<div class=\"elementor-element elementor-element-0874ea7 elementor-widget__width-auto fake-button elementor-widget elementor-widget-button\" data-id=\"0874ea7\" data-element_type=\"widget\" data-widget_type=\"button.default\">\n\t\t\t\t<div class=\"elementor-widget-container\">\n\t\t\t\t\t\t\t\t\t<div class=\"elementor-button-wrapper\">\n\t\t\t\t\t<a class=\"elementor-button elementor-size-sm\" role=\"button\">\n\t\t\t\t\t\t<span class=\"elementor-button-content-wrapper\">\n\t\t\t\t\t\t\t\t\t<span class=\"elementor-button-text\">CoreMotion<\/span>\n\t\t\t\t\t<\/span>\n\t\t\t\t\t<\/a>\n\t\t\t\t<\/div>\n\t\t\t\t\t\t\t\t<\/div>\n\t\t\t\t<\/div>\n\t\t\t\t<div class=\"elementor-element elementor-element-56322d7 elementor-widget__width-auto fake-button elementor-widget elementor-widget-button\" data-id=\"56322d7\" data-element_type=\"widget\" data-widget_type=\"button.default\">\n\t\t\t\t<div class=\"elementor-widget-container\">\n\t\t\t\t\t\t\t\t\t<div class=\"elementor-button-wrapper\">\n\t\t\t\t\t<a class=\"elementor-button elementor-size-sm\" role=\"button\">\n\t\t\t\t\t\t<span class=\"elementor-button-content-wrapper\">\n\t\t\t\t\t\t\t\t\t<span class=\"elementor-button-text\">SceneKit<\/span>\n\t\t\t\t\t<\/span>\n\t\t\t\t\t<\/a>\n\t\t\t\t<\/div>\n\t\t\t\t\t\t\t\t<\/div>\n\t\t\t\t<\/div>\n\t\t\t\t<div class=\"elementor-element elementor-element-d0be899 elementor-widget elementor-widget-heading\" data-id=\"d0be899\" data-element_type=\"widget\" data-widget_type=\"heading.default\">\n\t\t\t\t<div class=\"elementor-widget-container\">\n\t\t\t\t\t<h2 class=\"elementor-heading-title elementor-size-default\">Plataformas<\/h2>\t\t\t\t<\/div>\n\t\t\t\t<\/div>\n\t\t\t\t<div class=\"elementor-element elementor-element-5932f76 elementor-widget__width-auto fake-button elementor-widget elementor-widget-button\" data-id=\"5932f76\" data-element_type=\"widget\" data-widget_type=\"button.default\">\n\t\t\t\t<div class=\"elementor-widget-container\">\n\t\t\t\t\t\t\t\t\t<div class=\"elementor-button-wrapper\">\n\t\t\t\t\t<a class=\"elementor-button elementor-size-sm\" role=\"button\">\n\t\t\t\t\t\t<span class=\"elementor-button-content-wrapper\">\n\t\t\t\t\t\t\t\t\t<span class=\"elementor-button-text\">iOS<\/span>\n\t\t\t\t\t<\/span>\n\t\t\t\t\t<\/a>\n\t\t\t\t<\/div>\n\t\t\t\t\t\t\t\t<\/div>\n\t\t\t\t<\/div>\n\t\t\t\t<div class=\"elementor-element elementor-element-fc4d48d elementor-widget elementor-widget-heading\" data-id=\"fc4d48d\" data-element_type=\"widget\" data-widget_type=\"heading.default\">\n\t\t\t\t<div class=\"elementor-widget-container\">\n\t\t\t\t\t<h2 class=\"elementor-heading-title elementor-size-default\">Link do reposit\u00f3rio<\/h2>\t\t\t\t<\/div>\n\t\t\t\t<\/div>\n\t\t\t\t<div class=\"elementor-element elementor-element-66ed36e elementor-view-framed elementor-widget__width-auto elementor-shape-circle elementor-widget elementor-widget-icon\" data-id=\"66ed36e\" data-element_type=\"widget\" data-widget_type=\"icon.default\">\n\t\t\t\t<div class=\"elementor-widget-container\">\n\t\t\t\t\t\t\t<div class=\"elementor-icon-wrapper\">\n\t\t\t<a class=\"elementor-icon elementor-animation-push\" href=\"https:\/\/github.com\/andrearns\/basketballAR\" target=\"_blank\">\n\t\t\t<svg xmlns=\"http:\/\/www.w3.org\/2000\/svg\" viewbox=\"0 0 32.58 31.77\"><defs><style>.cls-1{fill:#fff;fill-rule:evenodd;}<\/style><\/defs><g id=\"Layer_2\" data-name=\"Layer 2\"><g id=\"Layer_1-2\" data-name=\"Layer 1\"><path class=\"cls-1\" d=\"M16.29,0a16.29,16.29,0,0,0-5.15,31.75c.82.15,1.11-.36,1.11-.79s0-1.41,0-2.77C7.7,29.18,6.74,26,6.74,26a4.36,4.36,0,0,0-1.81-2.39c-1.47-1,.12-1,.12-1a3.43,3.43,0,0,1,2.49,1.68,3.48,3.48,0,0,0,4.74,1.36,3.46,3.46,0,0,1,1-2.18c-3.62-.41-7.42-1.81-7.42-8a6.3,6.3,0,0,1,1.67-4.37,5.94,5.94,0,0,1,.16-4.31s1.37-.44,4.48,1.67a15.41,15.41,0,0,1,8.16,0c3.11-2.11,4.47-1.67,4.47-1.67A5.91,5.91,0,0,1,25,11.07a6.3,6.3,0,0,1,1.67,4.37c0,6.26-3.81,7.63-7.44,8a3.85,3.85,0,0,1,1.11,3c0,2.18,0,3.94,0,4.47s.29.94,1.12.78A16.29,16.29,0,0,0,16.29,0Z\"><\/path><\/g><\/g><\/svg>\t\t\t<\/a>\n\t\t<\/div>\n\t\t\t\t\t\t<\/div>\n\t\t\t\t<\/div>\n\t\t\t\t\t<\/div>\n\t\t<\/div>\n\t\t\t\t<div class=\"elementor-column elementor-col-100 elementor-top-column elementor-element elementor-element-e50fbc4\" data-id=\"e50fbc4\" data-element_type=\"column\">\n\t\t\t<div class=\"elementor-widget-wrap elementor-element-populated\">\n\t\t\t\t\t\t<div class=\"elementor-element elementor-element-3ebab1e elementor-widget elementor-widget-image\" data-id=\"3ebab1e\" data-element_type=\"widget\" data-widget_type=\"image.default\">\n\t\t\t\t<div class=\"elementor-widget-container\">\n\t\t\t\t\t\t\t\t\t\t\t\t\t\t\t<img fetchpriority=\"high\" decoding=\"async\" width=\"768\" height=\"768\" src=\"https:\/\/i0.wp.com\/andrearns.com\/wp-content\/uploads\/2022\/10\/basketballAR-screenshot.png?fit=768%2C768&amp;ssl=1\" class=\"attachment-medium_large size-medium_large wp-image-894\" alt=\"\" srcset=\"https:\/\/i0.wp.com\/andrearns.com\/wp-content\/uploads\/2022\/10\/basketballAR-screenshot.png?w=2160&amp;ssl=1 2160w, https:\/\/i0.wp.com\/andrearns.com\/wp-content\/uploads\/2022\/10\/basketballAR-screenshot.png?resize=300%2C300&amp;ssl=1 300w, https:\/\/i0.wp.com\/andrearns.com\/wp-content\/uploads\/2022\/10\/basketballAR-screenshot.png?resize=1024%2C1024&amp;ssl=1 1024w, https:\/\/i0.wp.com\/andrearns.com\/wp-content\/uploads\/2022\/10\/basketballAR-screenshot.png?resize=150%2C150&amp;ssl=1 150w, https:\/\/i0.wp.com\/andrearns.com\/wp-content\/uploads\/2022\/10\/basketballAR-screenshot.png?resize=768%2C768&amp;ssl=1 768w, https:\/\/i0.wp.com\/andrearns.com\/wp-content\/uploads\/2022\/10\/basketballAR-screenshot.png?resize=1536%2C1536&amp;ssl=1 1536w, https:\/\/i0.wp.com\/andrearns.com\/wp-content\/uploads\/2022\/10\/basketballAR-screenshot.png?resize=2048%2C2048&amp;ssl=1 2048w, https:\/\/i0.wp.com\/andrearns.com\/wp-content\/uploads\/2022\/10\/basketballAR-screenshot.png?w=1600&amp;ssl=1 1600w\" sizes=\"(max-width: 768px) 100vw, 768px\" \/>\t\t\t\t\t\t\t\t\t\t\t\t\t\t\t<\/div>\n\t\t\t\t<\/div>\n\t\t\t\t\t<\/div>\n\t\t<\/div>\n\t\t\t\t\t<\/div>\n\t\t<\/section>\n\t\t\t\t<section class=\"elementor-section elementor-top-section elementor-element elementor-element-db82fd8 elementor-section-boxed elementor-section-height-default elementor-section-height-default\" data-id=\"db82fd8\" data-element_type=\"section\">\n\t\t\t\t\t\t<div class=\"elementor-container elementor-column-gap-default\">\n\t\t\t\t\t<div class=\"elementor-column elementor-col-100 elementor-top-column elementor-element elementor-element-1cfda5e\" data-id=\"1cfda5e\" data-element_type=\"column\">\n\t\t\t<div class=\"elementor-widget-wrap elementor-element-populated\">\n\t\t\t\t\t\t<div class=\"elementor-element elementor-element-cd64abf elementor-widget-divider--view-line elementor-widget elementor-widget-divider\" data-id=\"cd64abf\" data-element_type=\"widget\" data-widget_type=\"divider.default\">\n\t\t\t\t<div class=\"elementor-widget-container\">\n\t\t\t\t\t\t\t<div class=\"elementor-divider\">\n\t\t\t<span class=\"elementor-divider-separator\">\n\t\t\t\t\t\t<\/span>\n\t\t<\/div>\n\t\t\t\t\t\t<\/div>\n\t\t\t\t<\/div>\n\t\t\t\t<div class=\"elementor-element elementor-element-c9ab30d elementor-widget elementor-widget-heading\" data-id=\"c9ab30d\" data-element_type=\"widget\" data-widget_type=\"heading.default\">\n\t\t\t\t<div class=\"elementor-widget-container\">\n\t\t\t\t\t<h1 class=\"elementor-heading-title elementor-size-default\">V\u00eddeo do jogo<\/h1>\t\t\t\t<\/div>\n\t\t\t\t<\/div>\n\t\t\t\t<div class=\"elementor-element elementor-element-1a06383 elementor-widget elementor-widget-video\" data-id=\"1a06383\" data-element_type=\"widget\" data-settings=\"{&quot;youtube_url&quot;:&quot;https:\\\/\\\/youtu.be\\\/2Rq11P2GRDQ&quot;,&quot;video_type&quot;:&quot;youtube&quot;,&quot;controls&quot;:&quot;yes&quot;}\" data-widget_type=\"video.default\">\n\t\t\t\t<div class=\"elementor-widget-container\">\n\t\t\t\t\t\t\t<div class=\"elementor-wrapper elementor-open-inline\">\n\t\t\t<div class=\"elementor-video\"><\/div>\t\t<\/div>\n\t\t\t\t\t\t<\/div>\n\t\t\t\t<\/div>\n\t\t\t\t\t<\/div>\n\t\t<\/div>\n\t\t\t\t\t<\/div>\n\t\t<\/section>\n\t\t\t\t<section class=\"elementor-section elementor-top-section elementor-element elementor-element-427b5a1f elementor-section-boxed elementor-section-height-default elementor-section-height-default\" data-id=\"427b5a1f\" data-element_type=\"section\" id=\"section-contato\" data-settings=\"{&quot;background_background&quot;:&quot;classic&quot;}\">\n\t\t\t\t\t\t<div class=\"elementor-container elementor-column-gap-default\">\n\t\t\t\t\t<div class=\"elementor-column elementor-col-33 elementor-top-column elementor-element elementor-element-7150cb1d\" data-id=\"7150cb1d\" data-element_type=\"column\">\n\t\t\t<div class=\"elementor-widget-wrap elementor-element-populated\">\n\t\t\t\t\t\t<div class=\"elementor-element elementor-element-5bd61b6e elementor-widget elementor-widget-image\" data-id=\"5bd61b6e\" data-element_type=\"widget\" data-widget_type=\"image.default\">\n\t\t\t\t<div class=\"elementor-widget-container\">\n\t\t\t\t\t\t\t\t\t\t\t\t\t\t\t\t<a href=\"https:\/\/andrearns.com\/en\/#section-sobre\">\n\t\t\t\t\t\t\t<img decoding=\"async\" width=\"150\" height=\"150\" data-src=\"https:\/\/i0.wp.com\/andrearns.com\/wp-content\/uploads\/2020\/08\/logo-aa.png?resize=150%2C150&amp;ssl=1\" class=\"attachment-thumbnail size-thumbnail wp-image-90 lazyload\" alt=\"\" data-srcset=\"https:\/\/i0.wp.com\/andrearns.com\/wp-content\/uploads\/2020\/08\/logo-aa.png?w=800&amp;ssl=1 800w, https:\/\/i0.wp.com\/andrearns.com\/wp-content\/uploads\/2020\/08\/logo-aa.png?resize=300%2C300&amp;ssl=1 300w, https:\/\/i0.wp.com\/andrearns.com\/wp-content\/uploads\/2020\/08\/logo-aa.png?resize=150%2C150&amp;ssl=1 150w, https:\/\/i0.wp.com\/andrearns.com\/wp-content\/uploads\/2020\/08\/logo-aa.png?resize=768%2C768&amp;ssl=1 768w\" data-sizes=\"(max-width: 150px) 100vw, 150px\" src=\"data:image\/gif;base64,R0lGODlhAQABAAAAACH5BAEKAAEALAAAAAABAAEAAAICTAEAOw==\" style=\"--smush-placeholder-width: 150px; --smush-placeholder-aspect-ratio: 150\/150;\" \/>\t\t\t\t\t\t\t\t<\/a>\n\t\t\t\t\t\t\t\t\t\t\t\t\t\t\t<\/div>\n\t\t\t\t<\/div>\n\t\t\t\t<div class=\"elementor-element elementor-element-228ba4b0 elementor-widget__width-auto elementor-widget elementor-widget-text-editor\" data-id=\"228ba4b0\" data-element_type=\"widget\" data-widget_type=\"text-editor.default\">\n\t\t\t\t<div class=\"elementor-widget-container\">\n\t\t\t\t\t\t\t\t\t<p>Meu nome \u00e9 Andr\u00e9 Arns, tenho 24 anos e sou desenvolvedor iOS. Meu prop\u00f3sito \u00e9 desenvolver ideias e pessoas que v\u00e3o melhorar a vida no nosso planeta! Vamos juntos?<\/p>\t\t\t\t\t\t\t\t<\/div>\n\t\t\t\t<\/div>\n\t\t\t\t\t<\/div>\n\t\t<\/div>\n\t\t\t\t<div class=\"elementor-column elementor-col-33 elementor-top-column elementor-element elementor-element-1f9eb8c0\" data-id=\"1f9eb8c0\" data-element_type=\"column\">\n\t\t\t<div class=\"elementor-widget-wrap elementor-element-populated\">\n\t\t\t\t\t\t<div class=\"elementor-element elementor-element-10958de9 email-form elementor-widget elementor-widget-text-editor\" data-id=\"10958de9\" data-element_type=\"widget\" data-widget_type=\"text-editor.default\">\n\t\t\t\t<div class=\"elementor-widget-container\">\n\t\t\t\t\t\t\t\t\t<p>Navigation<\/p>\t\t\t\t\t\t\t\t<\/div>\n\t\t\t\t<\/div>\n\t\t\t\t<div class=\"elementor-element elementor-element-22afa6e elementor-widget elementor-widget-text-editor\" data-id=\"22afa6e\" data-element_type=\"widget\" data-widget_type=\"text-editor.default\">\n\t\t\t\t<div class=\"elementor-widget-container\">\n\t\t\t\t\t\t\t\t\t<a style=\"color:#fff\" href=\"https:\/\/andrearns.com\/en\/#section-sobre\">About<\/a>\t\t\t\t\t\t\t\t<\/div>\n\t\t\t\t<\/div>\n\t\t\t\t<div class=\"elementor-element elementor-element-5cde811b elementor-widget elementor-widget-text-editor\" data-id=\"5cde811b\" data-element_type=\"widget\" data-widget_type=\"text-editor.default\">\n\t\t\t\t<div class=\"elementor-widget-container\">\n\t\t\t\t\t\t\t\t\t<a style=\"color:#fff\" href=\"https:\/\/andrearns.com\/en\/#section-skills\">Skills<\/a>\t\t\t\t\t\t\t\t<\/div>\n\t\t\t\t<\/div>\n\t\t\t\t<div class=\"elementor-element elementor-element-54716c28 elementor-widget elementor-widget-text-editor\" data-id=\"54716c28\" data-element_type=\"widget\" data-widget_type=\"text-editor.default\">\n\t\t\t\t<div class=\"elementor-widget-container\">\n\t\t\t\t\t\t\t\t\t<a style=\"color:#fff\" href=\"https:\/\/andrearns.com\/en\/#section-portfolio\">Portfolio<\/a>\t\t\t\t\t\t\t\t<\/div>\n\t\t\t\t<\/div>\n\t\t\t\t<div class=\"elementor-element elementor-element-58d78c1c elementor-widget elementor-widget-text-editor\" data-id=\"58d78c1c\" data-element_type=\"widget\" data-widget_type=\"text-editor.default\">\n\t\t\t\t<div class=\"elementor-widget-container\">\n\t\t\t\t\t\t\t\t\t<a style=\"color:#fff\" href=\"https:\/\/andrearns.com\/en\/#section-contato\">Contact<\/a>\t\t\t\t\t\t\t\t<\/div>\n\t\t\t\t<\/div>\n\t\t\t\t\t<\/div>\n\t\t<\/div>\n\t\t\t\t<div class=\"elementor-column elementor-col-33 elementor-top-column elementor-element elementor-element-622ca639\" data-id=\"622ca639\" data-element_type=\"column\">\n\t\t\t<div class=\"elementor-widget-wrap elementor-element-populated\">\n\t\t\t\t\t\t<div class=\"elementor-element elementor-element-7d2c93f3 email-form elementor-widget elementor-widget-text-editor\" data-id=\"7d2c93f3\" data-element_type=\"widget\" data-widget_type=\"text-editor.default\">\n\t\t\t\t<div class=\"elementor-widget-container\">\n\t\t\t\t\t\t\t\t\t<p>Let's chat?<\/p>\t\t\t\t\t\t\t\t<\/div>\n\t\t\t\t<\/div>\n\t\t\t\t<div class=\"elementor-element elementor-element-30068630 elementor-widget elementor-widget-text-editor\" data-id=\"30068630\" data-element_type=\"widget\" data-widget_type=\"text-editor.default\">\n\t\t\t\t<div class=\"elementor-widget-container\">\n\t\t\t\t\t\t\t\t\t<a style=\"color: #fff;\" href=\"https:\/\/api.whatsapp.com\/send?phone=5541987250110\" target=\"_blank\" rel=\"noopener\">+55 41 98725-0110<\/a>\t\t\t\t\t\t\t\t<\/div>\n\t\t\t\t<\/div>\n\t\t\t\t<div class=\"elementor-element elementor-element-55a7fd77 elementor-widget elementor-widget-text-editor\" data-id=\"55a7fd77\" data-element_type=\"widget\" data-widget_type=\"text-editor.default\">\n\t\t\t\t<div class=\"elementor-widget-container\">\n\t\t\t\t\t\t\t\t\t<p><a style=\"color: #fff;\" href=\"mailto:andreluisarns@gmail.com\" target=\"_blank\" rel=\"noopener\">andreluisarns@gmail.com<\/a><\/p>\t\t\t\t\t\t\t\t<\/div>\n\t\t\t\t<\/div>\n\t\t\t\t<div class=\"elementor-element elementor-element-297fab81 elementor-view-framed elementor-widget__width-auto elementor-shape-circle elementor-widget elementor-widget-icon\" data-id=\"297fab81\" data-element_type=\"widget\" data-widget_type=\"icon.default\">\n\t\t\t\t<div class=\"elementor-widget-container\">\n\t\t\t\t\t\t\t<div class=\"elementor-icon-wrapper\">\n\t\t\t<a class=\"elementor-icon elementor-animation-push\" href=\"https:\/\/api.whatsapp.com\/send?phone=5541987250110\" target=\"_blank\">\n\t\t\t<svg xmlns=\"http:\/\/www.w3.org\/2000\/svg\" width=\"36.422\" height=\"36.422\" viewbox=\"0 0 36.422 36.422\"><defs><style>.a{fill:#fff;}<\/style><\/defs><path class=\"a\" d=\"M36.422,17.743A17.913,17.913,0,0,1,9.9,33.279L0,36.422,3.227,26.9A17.562,17.562,0,0,1,.663,17.741a17.88,17.88,0,0,1,35.76,0ZM18.54,2.829A14.991,14.991,0,0,0,3.508,17.746,14.756,14.756,0,0,0,6.372,26.49L4.5,32.028l5.774-1.835a15.05,15.05,0,0,0,23.3-12.45A14.99,14.99,0,0,0,18.54,2.829Zm9.031,19c-.112-.179-.4-.289-.841-.507s-2.594-1.27-2.994-1.412-.7-.22-.988.216-1.129,1.415-1.387,1.707-.511.328-.949.113a12.084,12.084,0,0,1-3.526-2.158,13.084,13.084,0,0,1-2.437-3.012c-.258-.435-.026-.67.191-.886.2-.2.438-.508.658-.764a2.9,2.9,0,0,0,.438-.723.81.81,0,0,0-.037-.764c-.109-.219-.985-2.356-1.352-3.227s-.729-.726-.986-.726-.548-.036-.84-.036a1.6,1.6,0,0,0-1.167.542A4.867,4.867,0,0,0,9.821,13.82a8.408,8.408,0,0,0,1.789,4.5c.221.289,3.033,4.824,7.488,6.565s4.457,1.159,5.26,1.086A4.422,4.422,0,0,0,27.315,23.9,3.614,3.614,0,0,0,27.571,21.829Z\"><\/path><\/svg>\t\t\t<\/a>\n\t\t<\/div>\n\t\t\t\t\t\t<\/div>\n\t\t\t\t<\/div>\n\t\t\t\t<div class=\"elementor-element elementor-element-1aa61ed6 elementor-view-framed elementor-widget__width-auto elementor-shape-circle elementor-widget elementor-widget-icon\" data-id=\"1aa61ed6\" data-element_type=\"widget\" data-widget_type=\"icon.default\">\n\t\t\t\t<div class=\"elementor-widget-container\">\n\t\t\t\t\t\t\t<div class=\"elementor-icon-wrapper\">\n\t\t\t<a class=\"elementor-icon elementor-animation-push\" href=\"https:\/\/www.linkedin.com\/in\/andrearns\/\" target=\"_blank\">\n\t\t\t<svg xmlns=\"http:\/\/www.w3.org\/2000\/svg\" width=\"27.798\" height=\"27.76\" viewbox=\"0 0 27.798 27.76\"><defs><style>.a{fill:#fff;}<\/style><\/defs><g transform=\"translate(0 -0.183)\"><path class=\"a\" d=\"M3.705.183a3.705,3.705,0,1,0,3.7,3.7A3.711,3.711,0,0,0,3.705.183Z\"><\/path><path class=\"a\" d=\"M10.207,83.531H4.645a.479.479,0,0,0-.479.479v17.9a.479.479,0,0,0,.479.479h5.562a.479.479,0,0,0,.479-.479V84.01A.479.479,0,0,0,10.207,83.531Z\" transform=\"translate(-3.721 -74.449)\"><\/path><path class=\"a\" d=\"M100.144,81.557a7.3,7.3,0,0,0-4.915,1.63v-.94a.479.479,0,0,0-.479-.479H89.414a.479.479,0,0,0-.479.479v17.9a.479.479,0,0,0,.479.479h5.556a.479.479,0,0,0,.479-.479V91.292c0-2.541.467-4.116,2.8-4.116,2.3,0,2.47,1.692,2.47,4.268v8.705a.479.479,0,0,0,.479.479h5.559a.479.479,0,0,0,.479-.479v-9.82C107.238,86.245,106.432,81.557,100.144,81.557Z\" transform=\"translate(-79.44 -72.686)\"><\/path><\/g><\/svg>\t\t\t<\/a>\n\t\t<\/div>\n\t\t\t\t\t\t<\/div>\n\t\t\t\t<\/div>\n\t\t\t\t<div class=\"elementor-element elementor-element-3f7dfdb0 elementor-view-framed elementor-widget__width-auto elementor-shape-circle elementor-widget elementor-widget-icon\" data-id=\"3f7dfdb0\" data-element_type=\"widget\" data-widget_type=\"icon.default\">\n\t\t\t\t<div class=\"elementor-widget-container\">\n\t\t\t\t\t\t\t<div class=\"elementor-icon-wrapper\">\n\t\t\t<a class=\"elementor-icon elementor-animation-push\" href=\"https:\/\/github.com\/andrearns\" target=\"_blank\">\n\t\t\t<svg xmlns=\"http:\/\/www.w3.org\/2000\/svg\" viewbox=\"0 0 32.58 31.77\"><defs><style>.cls-1{fill:#fff;fill-rule:evenodd;}<\/style><\/defs><g id=\"Layer_2\" data-name=\"Layer 2\"><g id=\"Layer_1-2\" data-name=\"Layer 1\"><path class=\"cls-1\" d=\"M16.29,0a16.29,16.29,0,0,0-5.15,31.75c.82.15,1.11-.36,1.11-.79s0-1.41,0-2.77C7.7,29.18,6.74,26,6.74,26a4.36,4.36,0,0,0-1.81-2.39c-1.47-1,.12-1,.12-1a3.43,3.43,0,0,1,2.49,1.68,3.48,3.48,0,0,0,4.74,1.36,3.46,3.46,0,0,1,1-2.18c-3.62-.41-7.42-1.81-7.42-8a6.3,6.3,0,0,1,1.67-4.37,5.94,5.94,0,0,1,.16-4.31s1.37-.44,4.48,1.67a15.41,15.41,0,0,1,8.16,0c3.11-2.11,4.47-1.67,4.47-1.67A5.91,5.91,0,0,1,25,11.07a6.3,6.3,0,0,1,1.67,4.37c0,6.26-3.81,7.63-7.44,8a3.85,3.85,0,0,1,1.11,3c0,2.18,0,3.94,0,4.47s.29.94,1.12.78A16.29,16.29,0,0,0,16.29,0Z\"><\/path><\/g><\/g><\/svg>\t\t\t<\/a>\n\t\t<\/div>\n\t\t\t\t\t\t<\/div>\n\t\t\t\t<\/div>\n\t\t\t\t\t<\/div>\n\t\t<\/div>\n\t\t\t\t\t<\/div>\n\t\t<\/section>\n\t\t\t\t<section class=\"elementor-section elementor-top-section elementor-element elementor-element-78e9e430 elementor-section-boxed elementor-section-height-default elementor-section-height-default\" data-id=\"78e9e430\" data-element_type=\"section\" data-settings=\"{&quot;background_background&quot;:&quot;classic&quot;}\">\n\t\t\t\t\t\t<div class=\"elementor-container elementor-column-gap-default\">\n\t\t\t\t\t<div class=\"elementor-column elementor-col-100 elementor-top-column elementor-element elementor-element-141497fe\" data-id=\"141497fe\" data-element_type=\"column\">\n\t\t\t<div class=\"elementor-widget-wrap elementor-element-populated\">\n\t\t\t\t\t\t<div class=\"elementor-element elementor-element-6c87db74 elementor-widget elementor-widget-text-editor\" data-id=\"6c87db74\" data-element_type=\"widget\" data-widget_type=\"text-editor.default\">\n\t\t\t\t<div class=\"elementor-widget-container\">\n\t\t\t\t\t\t\t\t\t<p>Feito com <i style=\"color:#F21E4E\"class=\"fas fa-heart\"><\/i> em Curitiba <\/p>\t\t\t\t\t\t\t\t<\/div>\n\t\t\t\t<\/div>\n\t\t\t\t\t<\/div>\n\t\t<\/div>\n\t\t\t\t\t<\/div>\n\t\t<\/section>\n\t\t\t\t<\/div>","protected":false},"excerpt":{"rendered":"<p>Basketball AR Basketball AR \u00e9 um jogo que usa Realidade Aumentada para simular a experi\u00eancia de um jogo de basquete. Para fazer o arremesso da bola voc\u00ea precisa fazer o &#8230;<\/p>","protected":false},"author":1,"featured_media":0,"parent":0,"menu_order":0,"comment_status":"closed","ping_status":"closed","template":"elementor_header_footer","meta":{"footnotes":""},"class_list":["post-761","page","type-page","status-publish","hentry"],"jetpack_sharing_enabled":true,"amp_enabled":false,"_links":{"self":[{"href":"https:\/\/andrearns.com\/en\/wp-json\/wp\/v2\/pages\/761","targetHints":{"allow":["GET"]}}],"collection":[{"href":"https:\/\/andrearns.com\/en\/wp-json\/wp\/v2\/pages"}],"about":[{"href":"https:\/\/andrearns.com\/en\/wp-json\/wp\/v2\/types\/page"}],"author":[{"embeddable":true,"href":"https:\/\/andrearns.com\/en\/wp-json\/wp\/v2\/users\/1"}],"replies":[{"embeddable":true,"href":"https:\/\/andrearns.com\/en\/wp-json\/wp\/v2\/comments?post=761"}],"version-history":[{"count":40,"href":"https:\/\/andrearns.com\/en\/wp-json\/wp\/v2\/pages\/761\/revisions"}],"predecessor-version":[{"id":1257,"href":"https:\/\/andrearns.com\/en\/wp-json\/wp\/v2\/pages\/761\/revisions\/1257"}],"wp:attachment":[{"href":"https:\/\/andrearns.com\/en\/wp-json\/wp\/v2\/media?parent=761"}],"curies":[{"name":"wp","href":"https:\/\/api.w.org\/{rel}","templated":true}]}}